{"id":644,"date":"2022-02-01T17:41:01","date_gmt":"2022-02-01T17:41:01","guid":{"rendered":"https:\/\/startersites.io\/stagingthree\/?page_id=644"},"modified":"2025-01-17T13:10:51","modified_gmt":"2025-01-17T16:10:51","slug":"sobre-nos","status":"publish","type":"page","link":"https:\/\/graceclub.com.br\/es\/sobre-nos\/","title":{"rendered":"Sobre nosotros"},"content":{"rendered":"<div style=\"display: flex; flex-direction: column; align-items: center; max-width: 800px; margin: 20px auto; padding: 20px;\">\n  <div style=\"width: 100%; max-width: 200px; margin-bottom: 20px;\">\n    <img decoding=\"async\" src=\"https:\/\/graceclub.com.br\/wp-content\/uploads\/2025\/01\/foto.png\" alt=\"Foto de Paulo S\u00e9rgio\" style=\"width: 100%; border-radius: 50%;\">\n  <\/div>\n  <div style=\"width: 100%; text-align: center;\">\n    <p>Hola, soy Paulo S\u00e9rgio, fundador de Grace Club. Cre\u00e9 este blog con el prop\u00f3sito de compartir mi fe cat\u00f3lica y ayudar a otros a profundizar su relaci\u00f3n con Dios.<\/p>\n    <p>Grace Club naci\u00f3 de mi deseo de ofrecer un espacio acogedor donde podamos reflexionar sobre la palabra de Dios, aprender m\u00e1s sobre la doctrina de la Iglesia y encontrar inspiraci\u00f3n para vivir una vida cristiana m\u00e1s plena.<\/p>\n    <p>Aqu\u00ed comparto reflexiones, oraciones, ense\u00f1anzas de los santos y todo lo que pueda fortalecernos espiritualmente. Mi misi\u00f3n es ayudarte a vivir tu fe de forma aut\u00e9ntica, practicando los valores del Evangelio en tu vida diaria.<\/p>\n    <p>Si\u00e9ntete como en casa en Grace Club. Este espacio es para todos aquellos que desean crecer en la fe y encontrar la verdadera paz en el amor de Cristo.<\/p>\n    <p><strong>\u00a1Dios lo bendiga!<\/strong><\/p>\n    <p><strong>Pablo Sergio<\/strong><br>Fundador del Club Grace<\/p>\n  <\/div>\n<\/div>\n\n\n\n\n<p><\/p>","protected":false},"excerpt":{"rendered":"<p>Grace Club es un espacio de fe y reflexi\u00f3n, creado para inspirar y fortalecer tu caminar cristiano.<\/p>","protected":false},"author":3,"featured_media":0,"parent":0,"menu_order":0,"comment_status":"closed","ping_status":"closed","template":"","meta":{"footnotes":""},"class_list":["post-644","page","type-page","status-publish","hentry"],"blocksy_meta":{"styles_descriptor":{"styles":{"desktop":"","tablet":"","mobile":""},"google_fonts":[],"version":6},"page_title_panel":"","has_hero_section":"default","390f06949bc16c1df6ebc673c3a2f595":"","hero_section":"type-1","hero_elements":[{"id":"custom_title","enabled":true,"heading_tag":"h1","title":"Home"},{"id":"custom_description","enabled":true,"description_visibility":{"desktop":true,"tablet":true,"mobile":false}},{"id":"custom_meta","enabled":false,"meta_elements":[{"id":"author","enabled":true,"label":"By","has_author_avatar":"yes","avatar_size":25},{"id":"post_date","enabled":true,"label":"On","date_format_source":"default","date_format":"M j, Y"},{"id":"updated_date","enabled":false,"label":"On","date_format_source":"default","date_format":"M j, Y"},{"id":"categories","enabled":false,"label":"In","style":"simple"},{"id":"comments","enabled":true}],"page_meta_elements":{"joined":true,"articles_count":true,"comments":true}},{"id":"breadcrumbs","enabled":false}],"301fc18c2c90f3e0e3d050e593302950":"","hero_alignment1":"CT_CSS_SKIP_RULE","hero_margin":40,"hero_alignment2":"center","hero_vertical_alignment":"center","e15d6f175a54e496c9179426eb80cfed":"","hero_structure":"narrow","160b93d3ad4d5450ed209ee33b6c3652":"","page_title_bg_type":"featured_image","custom_hero_background":{"attachment_id":null},"parallax":{"desktop":false,"tablet":false,"mobile":false},"6b66b15cfa5d93fa8f66a91e1206f35f":"","hero_height":"250px","pageTitleFont":{"family":"Default","variation":"Default","size":"30px","line-height":"CT_CSS_SKIP_RULE","letter-spacing":"CT_CSS_SKIP_RULE","text-transform":"CT_CSS_SKIP_RULE","text-decoration":"CT_CSS_SKIP_RULE"},"pageTitleFontColor":{"default":{"color":"CT_CSS_SKIP_RULEDEFAULT"}},"pageMetaFont":{"family":"Default","variation":"n6","size":"12px","line-height":"1.3","letter-spacing":"CT_CSS_SKIP_RULE","text-transform":"uppercase","text-decoration":"CT_CSS_SKIP_RULE"},"pageMetaFontColor":{"default":{"color":"CT_CSS_SKIP_RULEDEFAULT"},"hover":{"color":"CT_CSS_SKIP_RULEDEFAULT"}},"page_meta_button_type_font_colors":{"default":{"color":"CT_CSS_SKIP_RULEDEFAULT"},"hover":{"color":"CT_CSS_SKIP_RULEDEFAULT"}},"page_meta_button_type_background_colors":{"default":{"color":"CT_CSS_SKIP_RULEDEFAULT"},"hover":{"color":"CT_CSS_SKIP_RULEDEFAULT"}},"pageExcerptFont":{"family":"Default","variation":"Default","size":"CT_CSS_SKIP_RULE","line-height":"CT_CSS_SKIP_RULE","letter-spacing":"CT_CSS_SKIP_RULE","text-transform":"CT_CSS_SKIP_RULE","text-decoration":"CT_CSS_SKIP_RULE"},"pageExcerptColor":{"default":{"color":"CT_CSS_SKIP_RULEDEFAULT"}},"breadcrumbsFont":{"family":"Default","variation":"Default","size":"CT_CSS_SKIP_RULE","line-height":"CT_CSS_SKIP_RULE","letter-spacing":"CT_CSS_SKIP_RULE","text-transform":"CT_CSS_SKIP_RULE","text-decoration":"CT_CSS_SKIP_RULE"},"breadcrumbsFontColor":{"default":{"color":"CT_CSS_SKIP_RULEDEFAULT"},"initial":{"color":"CT_CSS_SKIP_RULEDEFAULT"},"hover":{"color":"CT_CSS_SKIP_RULEDEFAULT"}},"pageTitleOverlay":{"background_type":"color","background_pattern":"type-1","background_image":{"attachment_id":null,"x":0,"y":0},"gradient":"linear-gradient(135deg,rgba(6,147,227,1) 0%,rgb(155,81,224) 100%)","background_repeat":"repeat","background_size":"auto","background_attachment":"scroll","patternColor":{"default":{"color":"#e5e7ea"}},"overlayColor":{"default":{"color":"CT_CSS_SKIP_RULE"}},"backgroundColor":{"default":{"color":"CT_CSS_SKIP_RULE"}}},"pageTitleBackground":{"background_type":"color","background_pattern":"type-1","background_image":{"attachment_id":null,"x":0,"y":0},"gradient":"linear-gradient(135deg,rgba(6,147,227,1) 0%,rgb(155,81,224) 100%)","background_repeat":"repeat","background_size":"auto","background_attachment":"scroll","patternColor":{"default":{"color":"#e5e7ea"}},"overlayColor":{"default":{"color":"CT_CSS_SKIP_RULE"}},"backgroundColor":{"default":{"color":"var(--theme-palette-color-6)"}}},"pageTitlePadding":{"top":"50px","bottom":"50px","left":"auto","right":"auto","linked":true},"cda889f5dc2cfad3a74ef1be3ae2f59b":"","page_structure_type":"default","bf9b034e717a196499d7a5d108fd949d":"","content_style_source":"inherit","content_style":"wide","vertical_spacing_source":"custom","content_area_spacing":"none","background":{"background_type":"color","background_pattern":"type-1","background_image":{"attachment_id":null,"x":0,"y":0},"gradient":"linear-gradient(135deg,rgba(6,147,227,1) 0%,rgb(155,81,224) 100%)","background_repeat":"repeat","background_size":"auto","background_attachment":"scroll","patternColor":{"default":{"color":"#e5e7ea"}},"overlayColor":{"default":{"color":"CT_CSS_SKIP_RULE"}},"backgroundColor":{"default":{"color":"CT_CSS_SKIP_RULE"}}},"content_background":{"background_type":"color","background_pattern":"type-1","background_image":{"attachment_id":null,"x":0,"y":0},"gradient":"linear-gradient(135deg,rgba(6,147,227,1) 0%,rgb(155,81,224) 100%)","background_repeat":"repeat","background_size":"auto","background_attachment":"scroll","patternColor":{"default":{"color":"#e5e7ea"}},"overlayColor":{"default":{"color":"CT_CSS_SKIP_RULE"}},"backgroundColor":{"default":{"color":"var(--theme-palette-color-8)"}}},"content_boxed_shadow":{"inherit":false,"blur":18,"spread":-6,"v_offset":12,"h_offset":0,"inset":false,"enable":true,"color":{"color":"rgba(34, 56, 101, 0.04)"}},"boxed_content_spacing":{"desktop":{"top":"40px","bottom":"40px","left":"40px","right":"40px","linked":true},"tablet":{"top":"35px","bottom":"35px","left":"35px","right":"35px","linked":true},"mobile":{"top":"20px","bottom":"20px","left":"20px","right":"20px","linked":true}},"content_boxed_radius":{"top":"3px","bottom":"3px","left":"3px","right":"3px","linked":true},"984e44837c446155c3b37e5a9dba1f17":"","disable_featured_image":"no","disable_share_box":"no","disable_header":"no","disable_footer":"no","982273c852a287f0d42b734c85d72b90":"","0aad3f0c8bb32ec9b9ec82f27e4c492e":"","0f90b67fb7fbb5d708ad4d3a920de4e1":"","a663bda0137129d982e3844f734dbf87":"","026c128f5b00aa0ba06389d8b02bb123":"","b7820f400988f39b99e2b3f067481b4e":"","38e83a1683cc7b5dd5fef19fa13d4e52":"","9601e64b194a9a32de6b147b019bd2c6":""},"_links":{"self":[{"href":"https:\/\/graceclub.com.br\/es\/wp-json\/wp\/v2\/pages\/644","targetHints":{"allow":["GET"]}}],"collection":[{"href":"https:\/\/graceclub.com.br\/es\/wp-json\/wp\/v2\/pages"}],"about":[{"href":"https:\/\/graceclub.com.br\/es\/wp-json\/wp\/v2\/types\/page"}],"author":[{"embeddable":true,"href":"https:\/\/graceclub.com.br\/es\/wp-json\/wp\/v2\/users\/3"}],"replies":[{"embeddable":true,"href":"https:\/\/graceclub.com.br\/es\/wp-json\/wp\/v2\/comments?post=644"}],"version-history":[{"count":14,"href":"https:\/\/graceclub.com.br\/es\/wp-json\/wp\/v2\/pages\/644\/revisions"}],"predecessor-version":[{"id":1042,"href":"https:\/\/graceclub.com.br\/es\/wp-json\/wp\/v2\/pages\/644\/revisions\/1042"}],"wp:attachment":[{"href":"https:\/\/graceclub.com.br\/es\/wp-json\/wp\/v2\/media?parent=644"}],"curies":[{"name":"wp","href":"https:\/\/api.w.org\/{rel}","templated":true}]}}