{"id":687,"date":"2022-02-01T17:23:27","date_gmt":"2022-02-01T17:23:27","guid":{"rendered":"https:\/\/startersites.io\/stagingthree\/?page_id=3"},"modified":"2025-01-17T11:22:01","modified_gmt":"2025-01-17T14:22:01","slug":"termos-de-uso","status":"publish","type":"page","link":"https:\/\/graceclub.com.br\/es\/termos-de-uso\/","title":{"rendered":"Condiciones de uso"},"content":{"rendered":"\n<h3 class=\"wp-block-heading\"><strong>Data de Cria\u00e7\u00e3o: 17 de janeiro de 2025<\/strong><\/h3>\n\n\n\n<p>Bem-vindo ao <strong>Grace Club<\/strong>! Estes Termos de Uso regem o acesso e a utiliza\u00e7\u00e3o do site <a href=\"https:\/\/graceclub.com.br\/\">Grace Club<\/a> (doravante referido como &#8220;Site&#8221;). Ao acessar ou utilizar nosso Site, voc\u00ea concorda em cumprir e estar vinculado a estes Termos de Uso. Se voc\u00ea n\u00e3o concorda com qualquer parte destes termos, por favor, n\u00e3o utilize o Site.<\/p>\n\n\n\n<p><strong>1. Aceita\u00e7\u00e3o dos Termos<\/strong><\/p>\n\n\n\n<p>Ao acessar o Site do Grace Club, voc\u00ea concorda em cumprir estes Termos de Uso e todas as leis e regulamentos aplic\u00e1veis. Caso n\u00e3o concorde com algum destes termos, est\u00e1 proibido de utilizar ou acessar este Site.<\/p>\n\n\n\n<p><strong>2. Altera\u00e7\u00f5es dos Termos<\/strong><\/p>\n\n\n\n<p>O Grace Club reserva-se o direito de modificar estes Termos de Uso a qualquer momento. Quaisquer altera\u00e7\u00f5es ser\u00e3o publicadas nesta p\u00e1gina e entrar\u00e3o em vigor imediatamente ap\u00f3s a publica\u00e7\u00e3o. \u00c9 responsabilidade do usu\u00e1rio revisar regularmente os Termos de Uso para estar ciente de quaisquer modifica\u00e7\u00f5es.<\/p>\n\n\n\n<p><strong>3. Propriedade Intelectual<\/strong><\/p>\n\n\n\n<p>Todo o conte\u00fado presente no Site, incluindo textos, imagens, gr\u00e1ficos, logotipos, \u00edcones, v\u00eddeos e \u00e1udios, \u00e9 de propriedade do Grace Club ou de seus licenciadores e est\u00e1 protegido pelas leis de direitos autorais e outras leis de propriedade intelectual. \u00c9 proibida a reprodu\u00e7\u00e3o, distribui\u00e7\u00e3o, modifica\u00e7\u00e3o ou utiliza\u00e7\u00e3o de qualquer conte\u00fado do Site sem a autoriza\u00e7\u00e3o pr\u00e9via por escrito do Grace Club.<\/p>\n\n\n\n<p><strong>4. Uso do Site<\/strong><\/p>\n\n\n\n<p>O usu\u00e1rio concorda em utilizar o Site apenas para fins l\u00edcitos e de maneira que n\u00e3o infrinja os direitos de terceiros ou restrinja ou iniba o uso e aproveitamento do Site por qualquer outra parte. \u00c9 vedado ao usu\u00e1rio utilizar o Site para transmitir, distribuir ou armazenar material que:<\/p>\n\n\n\n<ul class=\"wp-block-list\">\n<li>Seja ilegal, fraudulento ou prejudicial.<\/li>\n\n\n\n<li>Infrinja direitos de propriedade intelectual de terceiros.<\/li>\n\n\n\n<li>Contenha v\u00edrus ou qualquer outro tipo de c\u00f3digo malicioso.<\/li>\n\n\n\n<li>Promova discrimina\u00e7\u00e3o, \u00f3dio ou viol\u00eancia.<\/li>\n<\/ul>\n\n\n\n<p><strong>5. Privacidade<\/strong><\/p>\n\n\n\n<p>O uso do Site est\u00e1 sujeito \u00e0 nossa Pol\u00edtica de Privacidade, que pode ser acessada <a>aqui<\/a>. Ao utilizar o Site, voc\u00ea concorda com a coleta e uso de informa\u00e7\u00f5es de acordo com a nossa pol\u00edtica.<\/p>\n\n\n\n<p><strong>6. Links para Sites de Terceiros<\/strong><\/p>\n\n\n\n<p>O Site pode conter links para sites de terceiros que n\u00e3o s\u00e3o de propriedade ou controlados pelo Grace Club. N\u00e3o temos controle sobre, e n\u00e3o assumimos responsabilidade pelo conte\u00fado, pol\u00edticas de privacidade ou pr\u00e1ticas de sites de terceiros. Voc\u00ea reconhece e concorda que o Grace Club n\u00e3o ser\u00e1 respons\u00e1vel, direta ou indiretamente, por qualquer dano ou perda causada ou alegadamente causada por ou em conex\u00e3o com o uso de ou confian\u00e7a em tais conte\u00fados, bens ou servi\u00e7os dispon\u00edveis em ou atrav\u00e9s de tais sites.<\/p>\n\n\n\n<p><strong>7. Limita\u00e7\u00e3o de Responsabilidade<\/strong><\/p>\n\n\n\n<p>O Grace Club n\u00e3o ser\u00e1 respons\u00e1vel por quaisquer danos diretos, indiretos, incidentais, consequenciais ou punitivos decorrentes do uso ou incapacidade de uso do Site, mesmo que o Grace Club tenha sido avisado da possibilidade de tais danos.<\/p>\n\n\n\n<p><strong>8. Indeniza\u00e7\u00e3o<\/strong><\/p>\n\n\n\n<p>Voc\u00ea concorda em indenizar, defender e isentar o Grace Club, seus diretores, funcion\u00e1rios, parceiros e afiliados de e contra quaisquer reivindica\u00e7\u00f5es, danos, obriga\u00e7\u00f5es, perdas, responsabilidades, custos ou d\u00edvidas e despesas (incluindo honor\u00e1rios advocat\u00edcios) decorrentes de:<\/p>\n\n\n\n<ul class=\"wp-block-list\">\n<li>Seu uso e acesso ao Site.<\/li>\n\n\n\n<li>Sua viola\u00e7\u00e3o de qualquer termo destes Termos de Uso.<\/li>\n\n\n\n<li>Sua viola\u00e7\u00e3o de quaisquer direitos de terceiros, incluindo direitos autorais, propriedade ou privacidade.<\/li>\n<\/ul>\n\n\n\n<p><strong>9. Rescis\u00e3o<\/strong><\/p>\n\n\n\n<p>Podemos rescindir ou suspender o acesso ao Site imediatamente, sem aviso pr\u00e9vio ou responsabilidade, por qualquer motivo, incluindo, sem limita\u00e7\u00e3o, se voc\u00ea violar os Termos de Uso.<\/p>\n\n\n\n<p><strong>10. Disposi\u00e7\u00f5es Gerais<\/strong><\/p>\n\n\n\n<p>Estes Termos de Uso constituem o acordo completo entre voc\u00ea e o Grace Club em rela\u00e7\u00e3o ao uso do Site e substituem quaisquer acordos anteriores. Se qualquer disposi\u00e7\u00e3o destes Termos for considerada inv\u00e1lida ou inexequ\u00edvel por um tribunal, as demais disposi\u00e7\u00f5es permanecer\u00e3o em pleno vigor e efeito.<\/p>\n\n\n\n<p><strong>11. Lei Aplic\u00e1vel<\/strong><\/p>\n\n\n\n<p>Estes Termos de Uso s\u00e3o regidos e interpretados de acordo com as leis da Rep\u00fablica Federativa do Brasil, sem considerar seus conflitos de princ\u00edpios legais. Voc\u00ea concorda que qualquer a\u00e7\u00e3o legal ou processo decorrente destes Termos ser\u00e1 decidido nos tribunais competentes da cidade de [sua cidade], Estado [seu estado].<\/p>\n\n\n\n<p><strong>12. Contato<\/strong><\/p>\n\n\n\n<p>Se voc\u00ea tiver quaisquer d\u00favidas sobre estes Termos de Uso, por favor, entre em contato conosco atrav\u00e9s do e-mail: contato@graceclub.com.br<\/p>\n","protected":false},"excerpt":{"rendered":"<p>Data de Cria\u00e7\u00e3o: 17 de janeiro de 2025 Bem-vindo ao Grace Club! Estes Termos de Uso regem o acesso e a utiliza\u00e7\u00e3o do site Grace Club (doravante referido como &#8220;Site&#8221;). Ao acessar ou utilizar nosso Site, voc\u00ea concorda em cumprir e estar vinculado a estes Termos de Uso. Se voc\u00ea n\u00e3o concorda com qualquer parte [&hellip;]<\/p>\n","protected":false},"author":1,"featured_media":0,"parent":0,"menu_order":0,"comment_status":"closed","ping_status":"closed","template":"","meta":{"footnotes":""},"class_list":["post-687","page","type-page","status-publish","hentry"],"blocksy_meta":[],"_links":{"self":[{"href":"https:\/\/graceclub.com.br\/es\/wp-json\/wp\/v2\/pages\/687","targetHints":{"allow":["GET"]}}],"collection":[{"href":"https:\/\/graceclub.com.br\/es\/wp-json\/wp\/v2\/pages"}],"about":[{"href":"https:\/\/graceclub.com.br\/es\/wp-json\/wp\/v2\/types\/page"}],"author":[{"embeddable":true,"href":"https:\/\/graceclub.com.br\/es\/wp-json\/wp\/v2\/users\/1"}],"replies":[{"embeddable":true,"href":"https:\/\/graceclub.com.br\/es\/wp-json\/wp\/v2\/comments?post=687"}],"version-history":[{"count":3,"href":"https:\/\/graceclub.com.br\/es\/wp-json\/wp\/v2\/pages\/687\/revisions"}],"predecessor-version":[{"id":1049,"href":"https:\/\/graceclub.com.br\/es\/wp-json\/wp\/v2\/pages\/687\/revisions\/1049"}],"wp:attachment":[{"href":"https:\/\/graceclub.com.br\/es\/wp-json\/wp\/v2\/media?parent=687"}],"curies":[{"name":"wp","href":"https:\/\/api.w.org\/{rel}","templated":true}]}}